{"id":104,"date":"2023-10-20T13:11:06","date_gmt":"2023-10-20T13:11:06","guid":{"rendered":"https:\/\/staging.shokoto.co\/?page_id=104"},"modified":"2025-10-07T12:27:21","modified_gmt":"2025-10-07T12:27:21","slug":"about","status":"publish","type":"page","link":"https:\/\/staging.shokoto.co\/fr\/about\/","title":{"rendered":"\u00c0 propos"},"content":{"rendered":"<div data-elementor-type=\"wp-page\" data-elementor-id=\"104\" class=\"elementor elementor-104\" data-elementor-post-type=\"page\">\n\t\t\t\t<div class=\"elementor-element elementor-element-25c35d0 e-con-full e-flex e-con e-parent\" data-id=\"25c35d0\" data-element_type=\"container\" data-e-type=\"container\">\n\t\t\t\t<div class=\"elementor-element elementor-element-0655a4c elementor-widget elementor-widget-heading\" data-id=\"0655a4c\" data-element_type=\"widget\" data-e-type=\"widget\" data-widget_type=\"heading.default\">\n\t\t\t\t<div class=\"elementor-widget-container\">\n\t\t\t\t\t<h1 class=\"elementor-heading-title elementor-size-default\">Derri\u00e8re la\n<br \/>\n<em>Marque<\/em><\/h1>\t\t\t\t<\/div>\n\t\t\t\t<\/div>\n\t\t<div class=\"elementor-element elementor-element-100844d e-con-full e-flex e-con e-child\" data-id=\"100844d\" data-element_type=\"container\" data-e-type=\"container\">\n\t\t<div class=\"elementor-element elementor-element-bbcf433 e-con-full e-flex e-con e-child\" data-id=\"bbcf433\" data-element_type=\"container\" data-e-type=\"container\">\n\t\t\t\t<div class=\"elementor-element elementor-element-12ddeb4 elementor-widget elementor-widget-heading\" data-id=\"12ddeb4\" data-element_type=\"widget\" data-e-type=\"widget\" data-widget_type=\"heading.default\">\n\t\t\t\t<div class=\"elementor-widget-container\">\n\t\t\t\t\t<h2 class=\"elementor-heading-title elementor-size-default\">Rencontrez shoko.to<\/h2>\t\t\t\t<\/div>\n\t\t\t\t<\/div>\n\t\t\t\t<div class=\"elementor-element elementor-element-1c58163 elementor-widget__width-initial elementor-widget-mobile__width-inherit elementor-widget elementor-widget-text-editor\" data-id=\"1c58163\" data-element_type=\"widget\" data-e-type=\"widget\" data-widget_type=\"text-editor.default\">\n\t\t\t\t<div class=\"elementor-widget-container\">\n\t\t\t\t\t\t\t\t\t<p>N\u00e9e de la conviction que le style contemporain ne doit pas sacrifier le confort, shoko.to est plus qu&#039;une simple marque de mode.<\/p>\t\t\t\t\t\t\t\t<\/div>\n\t\t\t\t<\/div>\n\t\t\t\t<\/div>\n\t\t<div class=\"elementor-element elementor-element-eadf4dc e-con-full e-flex e-con e-child\" data-id=\"eadf4dc\" data-element_type=\"container\" data-e-type=\"container\">\n\t\t\t\t<div class=\"elementor-element elementor-element-2a25111 elementor-widget elementor-widget-image\" data-id=\"2a25111\" data-element_type=\"widget\" data-e-type=\"widget\" data-widget_type=\"image.default\">\n\t\t\t\t<div class=\"elementor-widget-container\">\n\t\t\t\t\t\t\t\t\t\t\t\t\t\t\t<img fetchpriority=\"high\" decoding=\"async\" width=\"1471\" height=\"1792\" src=\"https:\/\/staging.shokoto.co\/wp-content\/uploads\/2025\/06\/Frame-13661.webp\" class=\"attachment-full size-full wp-image-2547\" alt=\"\" srcset=\"https:\/\/staging.shokoto.co\/wp-content\/uploads\/2025\/06\/Frame-13661.webp 1471w, https:\/\/staging.shokoto.co\/wp-content\/uploads\/2025\/06\/Frame-13661-246x300.webp 246w, https:\/\/staging.shokoto.co\/wp-content\/uploads\/2025\/06\/Frame-13661-841x1024.webp 841w, https:\/\/staging.shokoto.co\/wp-content\/uploads\/2025\/06\/Frame-13661-768x936.webp 768w, https:\/\/staging.shokoto.co\/wp-content\/uploads\/2025\/06\/Frame-13661-1261x1536.webp 1261w, https:\/\/staging.shokoto.co\/wp-content\/uploads\/2025\/06\/Frame-13661-10x12.webp 10w, https:\/\/staging.shokoto.co\/wp-content\/uploads\/2025\/06\/Frame-13661-711x866.webp 711w\" sizes=\"(max-width: 1471px) 100vw, 1471px\" \/>\t\t\t\t\t\t\t\t\t\t\t\t\t\t\t<\/div>\n\t\t\t\t<\/div>\n\t\t\t\t<\/div>\n\t\t\t\t<\/div>\n\t\t\t\t<\/div>\n\t\t<div class=\"elementor-element elementor-element-5d8eef1 e-con-full e-flex e-con e-parent\" data-id=\"5d8eef1\" data-element_type=\"container\" data-e-type=\"container\" data-settings=\"{&quot;background_background&quot;:&quot;classic&quot;}\">\n\t\t\t\t<div class=\"elementor-element elementor-element-d9365c5 elementor-widget elementor-widget-heading\" data-id=\"d9365c5\" data-element_type=\"widget\" data-e-type=\"widget\" data-widget_type=\"heading.default\">\n\t\t\t\t<div class=\"elementor-widget-container\">\n\t\t\t\t\t<h3 class=\"elementor-heading-title elementor-size-default\">Notre mission<\/h3>\t\t\t\t<\/div>\n\t\t\t\t<\/div>\n\t\t\t\t<div class=\"elementor-element elementor-element-a7c21ec elementor-widget elementor-widget-text-editor\" data-id=\"a7c21ec\" data-element_type=\"widget\" data-e-type=\"widget\" data-widget_type=\"text-editor.default\">\n\t\t\t\t<div class=\"elementor-widget-container\">\n\t\t\t\t\t\t\t\t\t<p>Repr\u00e9sentant l'individu moderne, nous m\u00e9langeons harmonieusement des designs chics avec un confort quotidien. Enracin\u00e9s dans une philosophie de petite entreprise aux aspirations expansives, nous veillons \u00e0 ce que vous ne fassiez jamais de compromis entre l\u2019\u00e9l\u00e9gance et la facilit\u00e9. Chez shoko.to, chaque pi\u00e8ce s\u00e9lectionn\u00e9e que nous proposons respire la qualit\u00e9 et un savoir-faire r\u00e9fl\u00e9chi. Entrez dans un monde o\u00f9 style et confort exceptionnels cohabitent harmonieusement. Rejoignez-nous pour red\u00e9finir le luxe accessible pour l\u2019\u00e8re contemporaine. Bienvenue sur shoko.to..<\/p>\t\t\t\t\t\t\t\t<\/div>\n\t\t\t\t<\/div>\n\t\t\t\t<\/div>\n\t\t\t\t<\/div>","protected":false},"excerpt":{"rendered":"<p>Behind the Brand Meet shoko.to Born from the belief that contemporary style shouldn&#8217;t sacrifice comfort, shoko.to is more than just a fashion brand. Our Mission Representing the modern individual, we seamlessly blend chic designs with everyday comfort. Rooted in a small business ethos with expansive aspirations, we ensure you never compromise between elegance and ease.<a href=\"https:\/\/staging.shokoto.co\/fr\/about\/\">Continue reading <span class=\"sr-only\">&#8220;About&#8221;<\/span><\/a><\/p>","protected":false},"author":1,"featured_media":0,"parent":0,"menu_order":0,"comment_status":"closed","ping_status":"closed","template":"","meta":{"_acf_changed":false,"_monsterinsights_skip_tracking":false,"_monsterinsights_sitenote_active":false,"_monsterinsights_sitenote_note":"","_monsterinsights_sitenote_category":0,"footnotes":""},"class_list":["post-104","page","type-page","status-publish","hentry"],"acf":[],"aioseo_notices":[],"_links":{"self":[{"href":"https:\/\/staging.shokoto.co\/fr\/wp-json\/wp\/v2\/pages\/104","targetHints":{"allow":["GET"]}}],"collection":[{"href":"https:\/\/staging.shokoto.co\/fr\/wp-json\/wp\/v2\/pages"}],"about":[{"href":"https:\/\/staging.shokoto.co\/fr\/wp-json\/wp\/v2\/types\/page"}],"author":[{"embeddable":true,"href":"https:\/\/staging.shokoto.co\/fr\/wp-json\/wp\/v2\/users\/1"}],"replies":[{"embeddable":true,"href":"https:\/\/staging.shokoto.co\/fr\/wp-json\/wp\/v2\/comments?post=104"}],"version-history":[{"count":76,"href":"https:\/\/staging.shokoto.co\/fr\/wp-json\/wp\/v2\/pages\/104\/revisions"}],"predecessor-version":[{"id":2874,"href":"https:\/\/staging.shokoto.co\/fr\/wp-json\/wp\/v2\/pages\/104\/revisions\/2874"}],"wp:attachment":[{"href":"https:\/\/staging.shokoto.co\/fr\/wp-json\/wp\/v2\/media?parent=104"}],"curies":[{"name":"wp","href":"https:\/\/api.w.org\/{rel}","templated":true}]}}